{"id":401,"date":"2017-03-12T20:19:18","date_gmt":"2017-03-12T19:19:18","guid":{"rendered":"http:\/\/www.vendee1.eu\/vendee\/?page_id=401"},"modified":"2023-07-01T17:37:03","modified_gmt":"2023-07-01T15:37:03","slug":"401-2","status":"publish","type":"page","link":"https:\/\/www.vendee1.eu\/vendee\/","title":{"rendered":"Sorties en Vendee, sortir en Vend\u00e9e ce week-end, aujourd&rsquo;hui, id\u00e9es de sorties de visites \u2013 Sorties Vend\u00e9e 85"},"content":{"rendered":"<div id=\"vende-2605552423\" class=\"vende-ads-avant-contenu vende-entity-placement\"><div id=\"attachment_3409\" style=\"width: 810px\" class=\"wp-caption alignnone\"><a href=\"https:\/\/www.mediawakeup.fr\/nous-contacter-184-rue-joseph-gaillard-zone-dactivites-nord-et-gare-85600-montaigu-vendee-agence-crea-web-print\/\" target=\"_blank\" rel=\"Cr\u00e9ation logo Vend\u00e9e Montaigu site internet noopener\"><img loading=\"lazy\" decoding=\"async\" aria-describedby=\"caption-attachment-3409\" class=\"wp-image-3409 size-full\" title=\"Cr\u00e9ation logo Vend\u00e9e Montaigu site internet\" src=\"https:\/\/www.vendee1.eu\/wp-content\/uploads\/2018\/03\/creation-site-internet-vendee-graphistes.jpg\" alt=\"Cr\u00e9ation logo Vend\u00e9e Montaigu site internet - Agence de communication web print en Vend\u00e9e \" width=\"800\" height=\"283\" \/><\/a><p id=\"caption-attachment-3409\" class=\"wp-caption-text\">Cr\u00e9ation logo Vend\u00e9e Montaigu site internet &#8211; Agence de communication web print en Vend\u00e9e<\/p><\/div>\n<p>&nbsp;<\/p>\n<\/div><div id=\"pl-401\"  class=\"panel-layout\" ><div id=\"pg-401-0\"  class=\"panel-grid panel-has-style\" ><div class=\"siteorigin-panels-stretch panel-row-style panel-row-style-for-401-0\" data-stretch-type=\"full\" ><div id=\"pgc-401-0-0\"  class=\"panel-grid-cell\" ><div id=\"panel-401-0-0-0\" class=\"so-panel widget widget_sow-editor panel-first-child\" data-index=\"0\" ><div\n\t\t\t\n\t\t\tclass=\"so-widget-sow-editor so-widget-sow-editor-base\"\n\t\t\t\n\t\t>\n<div class=\"siteorigin-widget-tinymce textwidget\">\n\t<p><div class=\"su-animate\" style=\"opacity:0;-webkit-animation-duration:1.5s;-webkit-animation-delay:0s;animation-duration:1.5s;animation-delay:0s;\" data-animation=\"bounceInLeft\" data-duration=\"1.5\" data-delay=\"0\"><span style=\"font-size: 20pt;\"><strong><span style=\"font-family: tahoma, arial, helvetica, sans-serif;\">Vous recherchez des id\u00e9es de sorties en Vend\u00e9e ?<\/span><\/strong><\/span><br \/><span style=\"font-size: 20pt;\"><strong><span style=\"font-family: tahoma, arial, helvetica, sans-serif;\">On vous d\u00e9pose quelque part ?<\/span><\/strong><\/span><\/div><br \/><div class=\"su-animate\" style=\"opacity:0;-webkit-animation-duration:2.5s;-webkit-animation-delay:0s;animation-duration:2.5s;animation-delay:0s;\" data-animation=\"bounceInRight\" data-duration=\"2.5\" data-delay=\"0\"><img loading=\"lazy\" decoding=\"async\" class=\"wp-image-265 size-full alignright\" src=\"http:\/\/www.vendee1.eu\/wp-content\/uploads\/2017\/05\/coccinnelle-vendee1.jpg\" alt=\"Vend\u00e9e Tourisme Sorties\" width=\"600\" height=\"354\" \/><\/p>\n<p><\/div><\/p>\n<a href=\"http:\/\/www.vendee1.eu\/\" class=\"su-button su-button-style-flat\" style=\"color:#FFFFFF;background-color:#16A9AB;border-color:#128889;border-radius:11px\" target=\"_blank\" rel=\"noopener noreferrer\"><span style=\"color:#FFFFFF;padding:9px 28px;font-size:21px;line-height:32px;border-color:#5cc3c5;border-radius:11px;text-shadow:0px 0px 0px #444\"><i class=\"sui sui-calendar\" style=\"font-size:21px;color:#FFFFFF\"><\/i> DECOUVREZ AUSSI L'AGENDA DES SORTIES EN VENDEE<small style=\"padding-bottom:9px;color:#FFFFFF\">Ev\u00e9nements, sorties dat\u00e9es<\/small><\/span><\/a>\n<\/div>\n<\/div><\/div><div id=\"panel-401-0-0-1\" class=\"so-panel widget widget_search panel-last-child\" data-index=\"1\" ><div class=\"panel-widget-style panel-widget-style-for-401-0-0-1\" ><h1 class=\"widget-title\">Que recherchez vous en Vend\u00e9e ?<\/h1><form role=\"search\" method=\"get\" class=\"search-form\" action=\"https:\/\/www.vendee1.eu\/vendee\/\">\n\t\t\t\t<label>\n\t\t\t\t\t<span class=\"screen-reader-text\">Rechercher\u00a0:<\/span>\n\t\t\t\t\t<input type=\"search\" class=\"search-field\" placeholder=\"Rechercher\u2026\" value=\"\" name=\"s\" \/>\n\t\t\t\t<\/label>\n\t\t\t\t<input type=\"submit\" class=\"search-submit\" value=\"Rechercher\" \/>\n\t\t\t<\/form><\/div><\/div><\/div><\/div><\/div><div id=\"pg-401-1\"  class=\"panel-grid panel-has-style\" ><div class=\"siteorigin-panels-stretch panel-row-style panel-row-style-for-401-1\" data-stretch-type=\"full\" ><div id=\"pgc-401-1-0\"  class=\"panel-grid-cell\" ><div id=\"panel-401-1-0-0\" class=\"so-panel widget widget_sow-editor panel-first-child panel-last-child\" data-index=\"2\" ><div\n\t\t\t\n\t\t\tclass=\"so-widget-sow-editor so-widget-sow-editor-base\"\n\t\t\t\n\t\t><h1 class=\"widget-title\">Faites conna\u00eetre vos \u00e9v\u00e9nements en Vend\u00e9e<\/h1>\n<div class=\"siteorigin-widget-tinymce textwidget\">\n\t<p><span style=\"font-family: arial, helvetica, sans-serif; font-size: 13pt; color: #444444;\">Vend\u00e9e1 est un site participatif, gratuit. Particuliers, Clubs, Mairies, Office de Tourisme, Comit\u00e9 des F\u00eates, ... informez les vend\u00e9ens des \u00e9v\u00e9nements\u00a0pr\u00e8s de chez vous, (Th\u00e9\u00e2tre, vide-grenier, f\u00eates, concerts, spectacles, inauguration, expositions, lotos, kermesse, concours, randonn\u00e9es, festivit\u00e9s, etc ...), utilisez le lien \"Ajouter une sortie en Vend\u00e9e\", elles seront index\u00e9es dans l'agenda des sorties en Vend\u00e9e.<\/span><\/p>\n<\/div>\n<\/div><\/div><\/div><\/div><\/div><div id=\"pg-401-2\"  class=\"panel-grid panel-has-style\" ><div class=\"siteorigin-panels-stretch panel-row-style panel-row-style-for-401-2\" data-stretch-type=\"full\" ><div id=\"pgc-401-2-0\"  class=\"panel-grid-cell\" ><div id=\"panel-401-2-0-0\" class=\"so-panel widget widget_sow-editor panel-first-child panel-last-child\" data-index=\"3\" ><div\n\t\t\t\n\t\t\tclass=\"so-widget-sow-editor so-widget-sow-editor-base\"\n\t\t\t\n\t\t>\n<div class=\"siteorigin-widget-tinymce textwidget\">\n\t<a href=\"https:\/\/www.vendee1.eu\/ajouter-une-sortie-a-lagenda-vendee1\/\" class=\"su-button su-button-style-flat\" style=\"color:#FFFFFF;background-color:#16A9AB;border-color:#128889;border-radius:11px\" target=\"_blank\" rel=\"noopener noreferrer\"><span style=\"color:#FFFFFF;padding:9px 28px;font-size:21px;line-height:32px;border-color:#5cc3c5;border-radius:11px;text-shadow:0px 0px 0px #444\"><i class=\"sui sui-calendar\" style=\"font-size:21px;color:#FFFFFF\"><\/i> AJOUTER UNE SORTIE, UN EVENEMENT EN\u00a0VENDEE<small style=\"padding-bottom:9px;color:#FFFFFF\">Formulaire Agenda Vendee1<\/small><\/span><\/a>\n<\/div>\n<\/div><\/div><\/div><\/div><\/div><div id=\"pg-401-3\"  class=\"panel-grid panel-no-style\" ><div id=\"pgc-401-3-0\"  class=\"panel-grid-cell\" ><div id=\"panel-401-3-0-0\" class=\"so-panel widget widget_sow-editor panel-first-child panel-last-child\" data-index=\"4\" ><div\n\t\t\t\n\t\t\tclass=\"so-widget-sow-editor so-widget-sow-editor-base\"\n\t\t\t\n\t\t>\n<div class=\"siteorigin-widget-tinymce textwidget\">\n\t<div id=\"attachment_379\" style=\"width: 2010px\" class=\"wp-caption alignnone\"><img aria-describedby=\"caption-attachment-379\" loading=\"lazy\" decoding=\"async\" class=\"size-full wp-image-379\" src=\"http:\/\/www.vendee1.eu\/vendee\/wp-content\/uploads\/2017\/03\/vendee1_banner2.jpg\" alt=\"\" width=\"2000\" height=\"1000\" srcset=\"https:\/\/www.vendee1.eu\/vendee\/wp-content\/uploads\/2017\/03\/vendee1_banner2.jpg 2000w, https:\/\/www.vendee1.eu\/vendee\/wp-content\/uploads\/2017\/03\/vendee1_banner2-300x150.jpg 300w, https:\/\/www.vendee1.eu\/vendee\/wp-content\/uploads\/2017\/03\/vendee1_banner2-768x384.jpg 768w, https:\/\/www.vendee1.eu\/vendee\/wp-content\/uploads\/2017\/03\/vendee1_banner2-1024x512.jpg 1024w\" sizes=\"auto, (max-width: 2000px) 100vw, 2000px\" \/><p id=\"caption-attachment-379\" class=\"wp-caption-text\">Tourisme Sorties en Vend\u00e9e<\/p><\/div>\n<\/div>\n<\/div><\/div><\/div><\/div><div id=\"pg-401-4\"  class=\"panel-grid panel-no-style\" ><div id=\"pgc-401-4-0\"  class=\"panel-grid-cell\" ><div id=\"panel-401-4-0-0\" class=\"so-panel widget widget_recent-posts-widget-with-thumbnails recent-posts-widget-with-thumbnails panel-first-child panel-last-child\" data-index=\"5\" >\n<div id=\"rpwwt-widget-4-0-0\" class=\"rpwwt-widget\">\r\n<h1 class=\"widget-title\">Articles r\u00e9cents :<\/h1>\n\t<ul>\r\n\t\t<li><a href=\"https:\/\/www.vendee1.eu\/vendee\/la-mere-michel\/\"><img decoding=\"async\" width=\"150\" height=\"65\" src=\"http:\/\/www.vendee1.eu\/vendee\/wp-content\/uploads\/2017\/03\/idees-de-sorties.gif\" class=\"attachment-150x65\" alt=\"\" loading=\"lazy\" \/><span class=\"rpwwt-post-title\">La m\u00e8re Michel<\/span><\/a><\/li>\r\n\t\t<li><a href=\"https:\/\/www.vendee1.eu\/vendee\/reseau-solidaire-montaigu\/\"><img decoding=\"async\" width=\"150\" height=\"65\" src=\"http:\/\/www.vendee1.eu\/vendee\/wp-content\/uploads\/2017\/03\/idees-de-sorties.gif\" class=\"attachment-150x65\" alt=\"\" loading=\"lazy\" \/><span class=\"rpwwt-post-title\">Un R\u00e9seau-Solidaire \u00e0 Montaigu<\/span><\/a><\/li>\r\n\t\t<li><a href=\"https:\/\/www.vendee1.eu\/vendee\/etoiles-vent-astronomie-vendee\/\"><img loading=\"lazy\" decoding=\"async\" width=\"97\" height=\"65\" src=\"https:\/\/www.vendee1.eu\/vendee\/wp-content\/uploads\/2017\/06\/les-etoiles-aux-vent-astronomie-vendee-164x110.jpg\" class=\"attachment-150x65 size-150x65 no-lazy wp-post-image\" alt=\"les \u00e9toiles aux vent-astronomie Vend\u00e9e\" srcset=\"https:\/\/www.vendee1.eu\/vendee\/wp-content\/uploads\/2017\/06\/les-etoiles-aux-vent-astronomie-vendee-164x110.jpg 164w, https:\/\/www.vendee1.eu\/vendee\/wp-content\/uploads\/2017\/06\/les-etoiles-aux-vent-astronomie-vendee-300x201.jpg 300w, https:\/\/www.vendee1.eu\/vendee\/wp-content\/uploads\/2017\/06\/les-etoiles-aux-vent-astronomie-vendee-768x514.jpg 768w, https:\/\/www.vendee1.eu\/vendee\/wp-content\/uploads\/2017\/06\/les-etoiles-aux-vent-astronomie-vendee.jpg 1024w, https:\/\/www.vendee1.eu\/vendee\/wp-content\/uploads\/2017\/06\/les-etoiles-aux-vent-astronomie-vendee-272x182.jpg 272w\" sizes=\"auto, (max-width: 97px) 100vw, 97px\" \/><span class=\"rpwwt-post-title\">Les \u00c9toiles au Vent, Soir\u00e9es astronomie en Vend\u00e9e<\/span><\/a><\/li>\r\n\t\t<li><a href=\"https:\/\/www.vendee1.eu\/vendee\/ludi-planet-parc-de-jeux-enfants-a-bouffere-montaigu\/\"><img loading=\"lazy\" decoding=\"async\" width=\"74\" height=\"65\" src=\"https:\/\/www.vendee1.eu\/vendee\/wp-content\/uploads\/2017\/05\/ludi-planet-montaigu.jpg\" class=\"attachment-150x65 size-150x65 no-lazy wp-post-image\" alt=\"Ludi Planet Bouff\u00e9r\u00e9\" srcset=\"https:\/\/www.vendee1.eu\/vendee\/wp-content\/uploads\/2017\/05\/ludi-planet-montaigu.jpg 676w, https:\/\/www.vendee1.eu\/vendee\/wp-content\/uploads\/2017\/05\/ludi-planet-montaigu-125x110.jpg 125w, https:\/\/www.vendee1.eu\/vendee\/wp-content\/uploads\/2017\/05\/ludi-planet-montaigu-300x264.jpg 300w\" sizes=\"auto, (max-width: 74px) 100vw, 74px\" \/><span class=\"rpwwt-post-title\">Ludi Planet,  parc de jeux pour enfants \u00e0 Bouff\u00e9r\u00e9 (Montaigu)<\/span><\/a><\/li>\r\n\t\t<li><a href=\"https:\/\/www.vendee1.eu\/vendee\/helix-gourmet-elevage-descargots-ferme-a-beaulieu-roche\/\"><img loading=\"lazy\" decoding=\"async\" width=\"87\" height=\"65\" src=\"https:\/\/www.vendee1.eu\/vendee\/wp-content\/uploads\/2017\/05\/18072796_10212915668470512_2101876901_n.jpg\" class=\"attachment-150x65 size-150x65 no-lazy wp-post-image\" alt=\"Helix gourmet \u00e9levage escargots en Vend\u00e9e\" srcset=\"https:\/\/www.vendee1.eu\/vendee\/wp-content\/uploads\/2017\/05\/18072796_10212915668470512_2101876901_n.jpg 468w, https:\/\/www.vendee1.eu\/vendee\/wp-content\/uploads\/2017\/05\/18072796_10212915668470512_2101876901_n-147x110.jpg 147w, https:\/\/www.vendee1.eu\/vendee\/wp-content\/uploads\/2017\/05\/18072796_10212915668470512_2101876901_n-300x225.jpg 300w\" sizes=\"auto, (max-width: 87px) 100vw, 87px\" \/><span class=\"rpwwt-post-title\">Helix Gourmet &#8211; Elevage d&rsquo;escargots \u00e0 Beaulieu-sous-La-Roche<\/span><\/a><\/li>\r\n\t<\/ul>\r\n<\/div><!-- .rpwwt-widget -->\r\n<\/div><\/div><\/div><\/div><div class = 'socialMediaOnEveryPost'><div id=\"sgmbShare1-1\" class=\"sgmbShare jssocials-theme-classic sgmbWidget1-1\"><\/div><div class=\"dropdownWrapper dropdownWrapper1 dropdownWrapper-for-widget \" id=\"dropdownWrapper-for-widget\">\r\n\t\t\t\t\t\t<div class=\"dropdownLabel\" id=\"dropdownLabel-share-list\"><span class=\"sgmbButtonListLabel1\">Share List<\/span><\/div>\r\n\t\t\t\t\t\t<div class=\"dropdownPanel dropdownPanel1-1\">\r\n\t\t\t\t\t\t<\/div>\r\n\t\t\t\t\t<\/div><script>  SGMB_URL = \"https:\/\/www.vendee1.eu\/vendee\/wp-content\/plugins\/social-media-builder\/\"; jQuery(\".dropdownWrapper\").hide(); SGMB_GOOGLE_ACOUNT = \"\"; <\/script><script type=\"text\/javascript\">\r\n\t\tjQuery(document).ready(function($){var widget = new SGMBWidget();widget.show({\"id\":\"1\",\"title\":\"share Vend\\u00e9e\",\"options\":{\"currentUrl\":\"1\",\"url\":\"\",\"shareText\":\"\",\"fontSize\":\"12\",\"betweenButtons\":\"1px\",\"theme\":\"classic\",\"sgmbButtonsPosition\":\"bottomRight\",\"socialTheme\":\"classic\",\"icon\":\"default\",\"buttonsPanelEffect\":\"pulse\",\"buttonsEffect\":\"No Effect\",\"iconsEffect\":\"No Effect\",\"buttons\":\"{\\\"facebook\\\":{\\\"label\\\":\\\"Share\\\",\\\"icon\\\":\\\"default-facebook\\\"},\\\"twitter\\\":{\\\"label\\\":\\\"Tweet\\\",\\\"icon\\\":\\\"default-twitter\\\",\\\"via\\\":\\\"\\\",\\\"hashtags\\\":\\\"\\\"},\\\"googleplus\\\":{\\\"label\\\":\\\"+1\\\",\\\"icon\\\":\\\"default-googleplus\\\"},\\\"email\\\":{\\\"label\\\":\\\"E-mail\\\",\\\"icon\\\":\\\"default-email\\\"},\\\"pinterest\\\":{\\\"label\\\":\\\"Pin this\\\",\\\"icon\\\":\\\"default-pinterest\\\"},\\\"linkedin\\\":{\\\"label\\\":\\\"Share\\\",\\\"icon\\\":\\\"default-linkedin\\\"}}\",\"roundButton\":\"\",\"showLabels\":\"on\",\"showCounts\":\"on\",\"showCenter\":\"on\",\"showButtonsAsList\":\"\",\"sgmbDropdownColor\":\"\",\"sgmbDropdownLabelFontSize\":\"14\",\"sgmbDropdownLabelColor\":\"\",\"showButtonsOnEveryPost\":\"on\",\"selectedOrExcluded\":\"excluded\",\"showButtonsOnEveryPage\":\"\",\"textOnEveryPost\":\"\",\"showButtonsOnCustomPost\":\"\",\"textOnCustomPost\":\"\",\"showButtonsOnMobileDirect\":\"on\",\"showButtonsOnDesktopDirect\":\"on\",\"sgmbSelectedPages\":[\"\"],\"sgmbExcludedPosts\":[\"\"],\"sgmbSelectedCustomPosts\":[],\"showButtonsInPopup\":\"\",\"titleOfPopup\":\"\",\"descriptionOfPopup\":\"\",\"showPopupOnLoad\":\"\",\"showPopupOnScroll\":\"\",\"showPopupOnExit\":\"\",\"openSecondsOfPopup\":\"\",\"googleAnaliticsAccount\":\"\"},\"buttonOptions\":{\"facebook\":{\"label\":\"Share\",\"icon\":\"default-facebook\"},\"twitter\":{\"label\":\"Tweet\",\"icon\":\"default-twitter\",\"via\":\"\",\"hashtags\":\"\"},\"googleplus\":{\"label\":\"+1\",\"icon\":\"default-googleplus\"},\"email\":{\"label\":\"E-mail\",\"icon\":\"default-email\"},\"pinterest\":{\"label\":\"Pin this\",\"icon\":\"default-pinterest\"},\"linkedin\":{\"label\":\"Share\",\"icon\":\"default-linkedin\"}},\"button\":[\"facebook\",\"twitter\",\"googleplus\",\"email\",\"pinterest\",\"linkedin\"]}, 1, '', 'http:\/\/www.vendee1.eu\/wp-content\/uploads\/2017\/05\/coccinnelle-vendee1.jpg', '', 'https:\/\/www.vendee1.eu\/vendee\/'); });<\/script><\/div><script> jQuery(\".socialMediaOnEveryPost\").addClass(\"sgmb-right\") <\/script><div id=\"vende-3789609900\" class=\"vende-ads-apres-contenu vende-entity-placement\" style=\"margin-top: 10px;margin-bottom: 10px;margin-left: 10px;\"><p><a href=\"https:\/\/hellostickers.fr\" rel=\"stickers autocollants decoratifs personnalis\u00e9s regionaux\"><img loading=\"lazy\" decoding=\"async\" class=\"alignnone wp-image-2282 \" title=\"stickers autocollants decoratifs personnalis\u00e9s regionaux\" src=\"https:\/\/www.vendee1.eu\/vendee\/wp-content\/uploads\/2017\/05\/stickers_autocollants_decoratifs_regionaux-e1552677291609.png\" alt=\"stickers autocollants decoratifs personnalis\u00e9s regionaux\" width=\"654\" height=\"121\" \/><\/a><\/p>\n<\/div>","protected":false},"excerpt":{"rendered":"<p>Vend\u00e9e1 est un site participatif, gratuit. Particuliers, Clubs, Mairies, Office de Tourisme, Comit\u00e9 des F\u00eates, &#8230; informez les vend\u00e9ens des \u00e9v\u00e9nements\u00a0pr\u00e8s de chez vous, (Th\u00e9\u00e2tre, vide-grenier, f\u00eates, concerts, spectacles, inauguration, expositions, lotos, kermesse, concours,&#46;&#46;&#46;<\/p>\n","protected":false},"author":1,"featured_media":0,"parent":0,"menu_order":0,"comment_status":"closed","ping_status":"closed","template":"","meta":{"yasr_overall_rating":0,"yasr_post_is_review":"","yasr_auto_insert_disabled":"","yasr_review_type":"","footnotes":""},"class_list":["post-401","page","type-page","status-publish","hentry"],"yasr_visitor_votes":{"stars_attributes":{"read_only":false,"span_bottom":false},"number_of_votes":0,"sum_votes":0},"yoast_head":"<!-- This site is optimized with the Yoast SEO plugin v27.4 - https:\/\/yoast.com\/product\/yoast-seo-wordpress\/ -->\n<title>Sorties en Vendee, sortir en Vend\u00e9e ce week-end, aujourd&rsquo;hui, id\u00e9es de sorties de visites \u2013 Sorties Vend\u00e9e 85 - Sorties en Vend\u00e9e, Tourisme<\/title>\n<meta name=\"robots\" content=\"index, follow, max-snippet:-1, max-image-preview:large, max-video-preview:-1\" \/>\n<link rel=\"canonical\" href=\"https:\/\/www.vendee1.eu\/vendee\/\" \/>\n<meta property=\"og:locale\" content=\"fr_FR\" \/>\n<meta property=\"og:type\" content=\"article\" \/>\n<meta property=\"og:title\" content=\"Sorties en Vendee, sortir en Vend\u00e9e ce week-end, aujourd&rsquo;hui, id\u00e9es de sorties de visites \u2013 Sorties Vend\u00e9e 85 - Sorties en Vend\u00e9e, Tourisme\" \/>\n<meta property=\"og:description\" content=\"Vend\u00e9e1 est un site participatif, gratuit. Particuliers, Clubs, Mairies, Office de Tourisme, Comit\u00e9 des F\u00eates, ... informez les vend\u00e9ens des \u00e9v\u00e9nements\u00a0pr\u00e8s de chez vous, (Th\u00e9\u00e2tre, vide-grenier, f\u00eates, concerts, spectacles, inauguration, expositions, lotos, kermesse, concours,&#046;&#046;&#046;\" \/>\n<meta property=\"og:url\" content=\"https:\/\/www.vendee1.eu\/vendee\/\" \/>\n<meta property=\"og:site_name\" content=\"Sorties en Vend\u00e9e, Tourisme\" \/>\n<meta property=\"article:publisher\" content=\"https:\/\/www.facebook.com\/vendee.tourisme.7\/\" \/>\n<meta property=\"article:modified_time\" content=\"2023-07-01T15:37:03+00:00\" \/>\n<meta property=\"og:image\" content=\"http:\/\/www.vendee1.eu\/wp-content\/uploads\/2017\/05\/coccinnelle-vendee1.jpg\" \/>\n<meta name=\"twitter:card\" content=\"summary_large_image\" \/>\n<meta name=\"twitter:label1\" content=\"Dur\u00e9e de lecture estim\u00e9e\" \/>\n\t<meta name=\"twitter:data1\" content=\"2 minutes\" \/>\n<script type=\"application\/ld+json\" class=\"yoast-schema-graph\">{\"@context\":\"https:\\\/\\\/schema.org\",\"@graph\":[{\"@type\":\"WebPage\",\"@id\":\"https:\\\/\\\/www.vendee1.eu\\\/vendee\\\/\",\"url\":\"https:\\\/\\\/www.vendee1.eu\\\/vendee\\\/\",\"name\":\"Sorties en Vendee, sortir en Vend\u00e9e ce week-end, aujourd&rsquo;hui, id\u00e9es de sorties de visites \u2013 Sorties Vend\u00e9e 85 - Sorties en Vend\u00e9e, Tourisme\",\"isPartOf\":{\"@id\":\"https:\\\/\\\/www.vendee1.eu\\\/vendee\\\/#website\"},\"primaryImageOfPage\":{\"@id\":\"https:\\\/\\\/www.vendee1.eu\\\/vendee\\\/#primaryimage\"},\"image\":{\"@id\":\"https:\\\/\\\/www.vendee1.eu\\\/vendee\\\/#primaryimage\"},\"thumbnailUrl\":\"http:\\\/\\\/www.vendee1.eu\\\/wp-content\\\/uploads\\\/2017\\\/05\\\/coccinnelle-vendee1.jpg\",\"datePublished\":\"2017-03-12T19:19:18+00:00\",\"dateModified\":\"2023-07-01T15:37:03+00:00\",\"breadcrumb\":{\"@id\":\"https:\\\/\\\/www.vendee1.eu\\\/vendee\\\/#breadcrumb\"},\"inLanguage\":\"fr-FR\",\"potentialAction\":[{\"@type\":\"ReadAction\",\"target\":[\"https:\\\/\\\/www.vendee1.eu\\\/vendee\\\/\"]}]},{\"@type\":\"ImageObject\",\"inLanguage\":\"fr-FR\",\"@id\":\"https:\\\/\\\/www.vendee1.eu\\\/vendee\\\/#primaryimage\",\"url\":\"http:\\\/\\\/www.vendee1.eu\\\/wp-content\\\/uploads\\\/2017\\\/05\\\/coccinnelle-vendee1.jpg\",\"contentUrl\":\"http:\\\/\\\/www.vendee1.eu\\\/wp-content\\\/uploads\\\/2017\\\/05\\\/coccinnelle-vendee1.jpg\"},{\"@type\":\"BreadcrumbList\",\"@id\":\"https:\\\/\\\/www.vendee1.eu\\\/vendee\\\/#breadcrumb\",\"itemListElement\":[{\"@type\":\"ListItem\",\"position\":1,\"name\":\"Accueil\",\"item\":\"https:\\\/\\\/www.vendee1.eu\\\/vendee\\\/\"},{\"@type\":\"ListItem\",\"position\":2,\"name\":\"Sorties en Vendee, sortir en Vend\u00e9e ce week-end, aujourd&rsquo;hui, id\u00e9es de sorties de visites \u2013 Sorties Vend\u00e9e 85\"}]},{\"@type\":\"WebSite\",\"@id\":\"https:\\\/\\\/www.vendee1.eu\\\/vendee\\\/#website\",\"url\":\"https:\\\/\\\/www.vendee1.eu\\\/vendee\\\/\",\"name\":\"Sorties en Vend\u00e9e, Tourisme\",\"description\":\"Vend\u00e9e1, les id\u00e9es Sorties en Vend\u00e9e Tourisme\",\"potentialAction\":[{\"@type\":\"SearchAction\",\"target\":{\"@type\":\"EntryPoint\",\"urlTemplate\":\"https:\\\/\\\/www.vendee1.eu\\\/vendee\\\/?s={search_term_string}\"},\"query-input\":{\"@type\":\"PropertyValueSpecification\",\"valueRequired\":true,\"valueName\":\"search_term_string\"}}],\"inLanguage\":\"fr-FR\"},false]}<\/script>\n<!-- \/ Yoast SEO plugin. -->","yoast_head_json":{"title":"Sorties en Vendee, sortir en Vend\u00e9e ce week-end, aujourd&rsquo;hui, id\u00e9es de sorties de visites \u2013 Sorties Vend\u00e9e 85 - Sorties en Vend\u00e9e, Tourisme","robots":{"index":"index","follow":"follow","max-snippet":"max-snippet:-1","max-image-preview":"max-image-preview:large","max-video-preview":"max-video-preview:-1"},"canonical":"https:\/\/www.vendee1.eu\/vendee\/","og_locale":"fr_FR","og_type":"article","og_title":"Sorties en Vendee, sortir en Vend\u00e9e ce week-end, aujourd&rsquo;hui, id\u00e9es de sorties de visites \u2013 Sorties Vend\u00e9e 85 - Sorties en Vend\u00e9e, Tourisme","og_description":"Vend\u00e9e1 est un site participatif, gratuit. Particuliers, Clubs, Mairies, Office de Tourisme, Comit\u00e9 des F\u00eates, ... informez les vend\u00e9ens des \u00e9v\u00e9nements\u00a0pr\u00e8s de chez vous, (Th\u00e9\u00e2tre, vide-grenier, f\u00eates, concerts, spectacles, inauguration, expositions, lotos, kermesse, concours,&#46;&#46;&#46;","og_url":"https:\/\/www.vendee1.eu\/vendee\/","og_site_name":"Sorties en Vend\u00e9e, Tourisme","article_publisher":"https:\/\/www.facebook.com\/vendee.tourisme.7\/","article_modified_time":"2023-07-01T15:37:03+00:00","og_image":[{"url":"http:\/\/www.vendee1.eu\/wp-content\/uploads\/2017\/05\/coccinnelle-vendee1.jpg","type":"","width":"","height":""}],"twitter_card":"summary_large_image","twitter_misc":{"Dur\u00e9e de lecture estim\u00e9e":"2 minutes"},"schema":{"@context":"https:\/\/schema.org","@graph":[{"@type":"WebPage","@id":"https:\/\/www.vendee1.eu\/vendee\/","url":"https:\/\/www.vendee1.eu\/vendee\/","name":"Sorties en Vendee, sortir en Vend\u00e9e ce week-end, aujourd&rsquo;hui, id\u00e9es de sorties de visites \u2013 Sorties Vend\u00e9e 85 - Sorties en Vend\u00e9e, Tourisme","isPartOf":{"@id":"https:\/\/www.vendee1.eu\/vendee\/#website"},"primaryImageOfPage":{"@id":"https:\/\/www.vendee1.eu\/vendee\/#primaryimage"},"image":{"@id":"https:\/\/www.vendee1.eu\/vendee\/#primaryimage"},"thumbnailUrl":"http:\/\/www.vendee1.eu\/wp-content\/uploads\/2017\/05\/coccinnelle-vendee1.jpg","datePublished":"2017-03-12T19:19:18+00:00","dateModified":"2023-07-01T15:37:03+00:00","breadcrumb":{"@id":"https:\/\/www.vendee1.eu\/vendee\/#breadcrumb"},"inLanguage":"fr-FR","potentialAction":[{"@type":"ReadAction","target":["https:\/\/www.vendee1.eu\/vendee\/"]}]},{"@type":"ImageObject","inLanguage":"fr-FR","@id":"https:\/\/www.vendee1.eu\/vendee\/#primaryimage","url":"http:\/\/www.vendee1.eu\/wp-content\/uploads\/2017\/05\/coccinnelle-vendee1.jpg","contentUrl":"http:\/\/www.vendee1.eu\/wp-content\/uploads\/2017\/05\/coccinnelle-vendee1.jpg"},{"@type":"BreadcrumbList","@id":"https:\/\/www.vendee1.eu\/vendee\/#breadcrumb","itemListElement":[{"@type":"ListItem","position":1,"name":"Accueil","item":"https:\/\/www.vendee1.eu\/vendee\/"},{"@type":"ListItem","position":2,"name":"Sorties en Vendee, sortir en Vend\u00e9e ce week-end, aujourd&rsquo;hui, id\u00e9es de sorties de visites \u2013 Sorties Vend\u00e9e 85"}]},{"@type":"WebSite","@id":"https:\/\/www.vendee1.eu\/vendee\/#website","url":"https:\/\/www.vendee1.eu\/vendee\/","name":"Sorties en Vend\u00e9e, Tourisme","description":"Vend\u00e9e1, les id\u00e9es Sorties en Vend\u00e9e Tourisme","potentialAction":[{"@type":"SearchAction","target":{"@type":"EntryPoint","urlTemplate":"https:\/\/www.vendee1.eu\/vendee\/?s={search_term_string}"},"query-input":{"@type":"PropertyValueSpecification","valueRequired":true,"valueName":"search_term_string"}}],"inLanguage":"fr-FR"},false]}},"_links":{"self":[{"href":"https:\/\/www.vendee1.eu\/vendee\/wp-json\/wp\/v2\/pages\/401","targetHints":{"allow":["GET"]}}],"collection":[{"href":"https:\/\/www.vendee1.eu\/vendee\/wp-json\/wp\/v2\/pages"}],"about":[{"href":"https:\/\/www.vendee1.eu\/vendee\/wp-json\/wp\/v2\/types\/page"}],"author":[{"embeddable":true,"href":"https:\/\/www.vendee1.eu\/vendee\/wp-json\/wp\/v2\/users\/1"}],"replies":[{"embeddable":true,"href":"https:\/\/www.vendee1.eu\/vendee\/wp-json\/wp\/v2\/comments?post=401"}],"version-history":[{"count":5,"href":"https:\/\/www.vendee1.eu\/vendee\/wp-json\/wp\/v2\/pages\/401\/revisions"}],"predecessor-version":[{"id":2332,"href":"https:\/\/www.vendee1.eu\/vendee\/wp-json\/wp\/v2\/pages\/401\/revisions\/2332"}],"wp:attachment":[{"href":"https:\/\/www.vendee1.eu\/vendee\/wp-json\/wp\/v2\/media?parent=401"}],"curies":[{"name":"wp","href":"https:\/\/api.w.org\/{rel}","templated":true}]}}